{"id":30,"date":"2020-06-05T09:14:31","date_gmt":"2020-06-05T09:14:31","guid":{"rendered":"https:\/\/demo.casethemes.net\/bixol\/?page_id=30"},"modified":"2025-07-05T14:49:59","modified_gmt":"2025-07-05T11:49:59","slug":"contact-us","status":"publish","type":"page","link":"https:\/\/noktakoltukyikama.com.tr\/?page_id=30","title":{"rendered":"Bize Ula\u015f\u0131n"},"content":{"rendered":"\t\t<div data-elementor-type=\"wp-page\" data-elementor-id=\"30\" class=\"elementor elementor-30\">\n\t\t\t\t        <section class=\"elementor-section elementor-top-section elementor-element elementor-element-17ebe2f elementor-section-boxed elementor-section-height-default elementor-section-height-default ct-header-fixed-none pxl-divider-none\" data-id=\"17ebe2f\" data-element_type=\"section\">\n            \n                        <div class=\"elementor-container elementor-column-gap-extended \">\n                    <div class=\"elementor-column elementor-col-33 elementor-top-column elementor-element elementor-element-75133e6\" data-id=\"75133e6\" data-element_type=\"column\">\n        <div class=\"elementor-widget-wrap\">\n                    \n                    <\/div>\n        <\/div>\n                <div class=\"elementor-column elementor-col-33 elementor-top-column elementor-element elementor-element-4b0a494\" data-id=\"4b0a494\" data-element_type=\"column\">\n        <div class=\"elementor-widget-wrap elementor-element-populated\">\n                    \n        \t\t<div class=\"elementor-element elementor-element-140a1f6 elementor-widget elementor-widget-ct_heading\" data-id=\"140a1f6\" data-element_type=\"widget\" data-widget_type=\"ct_heading.default\">\n\t\t\t\t<div class=\"elementor-widget-container\">\n\t\t\t\t\t<div id=\"ct_heading-140a1f6\" class=\"ct-heading h-align-center ct-heading-left item-st-default\">\r\n\t<div class=\"ct-heading--inner\">\r\n        <div class=\"ct-inline-css\"  data-css=\"\r\n            \">\r\n        <\/div>\r\n            \t\t<div class=\"item--sub-title st-default \" data-wow-delay=\"ms\">\r\n                <div class=\"item--sub-title-inner\">\r\n                                            <div class=\"icon-sub-title\">\r\n                            <svg version=\"1.0\" xmlns=\"http:\/\/www.w3.org\/2000\/svg\" viewBox=\"0 0 382.000000 382.000000\" preserveAspectRatio=\"xMidYMid meet\">\r\n                                <defs>\r\n                                    <linearGradient id=\"sub-icon1\" x1=\"0%\" y1=\"0%\" x2=\"0%\" y2=\"100%\">\r\n                                          <stop offset=\"0%\" style=\"stop-color:#0431b8;stop-opacity:1\" \/>\r\n                                          <stop offset=\"100%\" style=\"stop-color:#007cfb;stop-opacity:1\" \/>\r\n                                    <\/linearGradient>\r\n                                  <\/defs>\r\n                                <g fill=\"url(#sub-icon1)\" transform=\"translate(0.000000,382.000000) scale(0.100000,-0.100000)\" fill=\"#000000\" stroke=\"none\"><path d=\"M1856 3797 c-20 -20 -23 -36 -29 -142 -50 -901 -761 -1612 -1662 -1662 -106 -6 -122 -9 -142 -29 -30 -30 -30 -78 0 -108 20 -20 36 -23 142 -29 901 -50 1612 -761 1662 -1662 6 -106 9 -122 29 -142 30 -30 78 -30 108 0 20 20 23 36 29 142 50 901 761 1612 1662 1662 106 6 122 9 142 29 30 30 30 78 0 108 -20 20 -36 23 -142 29 -901 50 -1612 761 -1662 1662 -6 106 -9 122 -29 142 -14 14 -35 23 -54 23 -19 0 -40 -9 -54 -23z\"\/><\/g>\r\n                            <\/svg>\r\n                            <svg version=\"1.0\" xmlns=\"http:\/\/www.w3.org\/2000\/svg\" viewBox=\"0 0 382.000000 382.000000\" preserveAspectRatio=\"xMidYMid meet\">\r\n                                <defs>\r\n                                    <linearGradient id=\"sub-icon2\" x1=\"0%\" y1=\"0%\" x2=\"0%\" y2=\"100%\">\r\n                                          <stop offset=\"0%\" style=\"stop-color:#0431b8;stop-opacity:1\" \/>\r\n                                          <stop offset=\"100%\" style=\"stop-color:#007cfb;stop-opacity:1\" \/>\r\n                                    <\/linearGradient>\r\n                                  <\/defs>\r\n                                <g fill=\"url(#sub-icon2)\" transform=\"translate(0.000000,382.000000) scale(0.100000,-0.100000)\" fill=\"#000000\" stroke=\"none\"><path d=\"M1856 3797 c-20 -20 -23 -36 -29 -142 -50 -901 -761 -1612 -1662 -1662 -106 -6 -122 -9 -142 -29 -30 -30 -30 -78 0 -108 20 -20 36 -23 142 -29 901 -50 1612 -761 1662 -1662 6 -106 9 -122 29 -142 30 -30 78 -30 108 0 20 20 23 36 29 142 50 901 761 1612 1662 1662 106 6 122 9 142 29 30 30 30 78 0 108 -20 20 -36 23 -142 29 -901 50 -1612 761 -1662 1662 -6 106 -9 122 -29 142 -14 14 -35 23 -54 23 -19 0 -40 -9 -54 -23z\"\/><\/g>\r\n                            <\/svg>\r\n                            <svg version=\"1.0\" xmlns=\"http:\/\/www.w3.org\/2000\/svg\" viewBox=\"0 0 382.000000 382.000000\" preserveAspectRatio=\"xMidYMid meet\">\r\n                                <defs>\r\n                                    <linearGradient id=\"sub-icon3\" x1=\"0%\" y1=\"0%\" x2=\"0%\" y2=\"100%\">\r\n                                          <stop offset=\"0%\" style=\"stop-color:#0431b8;stop-opacity:1\" \/>\r\n                                          <stop offset=\"100%\" style=\"stop-color:#007cfb;stop-opacity:1\" \/>\r\n                                    <\/linearGradient>\r\n                                  <\/defs>\r\n                                <g fill=\"url(#sub-icon3)\" transform=\"translate(0.000000,382.000000) scale(0.100000,-0.100000)\" fill=\"#000000\" stroke=\"none\"><path d=\"M1856 3797 c-20 -20 -23 -36 -29 -142 -50 -901 -761 -1612 -1662 -1662 -106 -6 -122 -9 -142 -29 -30 -30 -30 -78 0 -108 20 -20 36 -23 142 -29 901 -50 1612 -761 1662 -1662 6 -106 9 -122 29 -142 30 -30 78 -30 108 0 20 20 23 36 29 142 50 901 761 1612 1662 1662 106 6 122 9 142 29 30 30 30 78 0 108 -20 20 -36 23 -142 29 -901 50 -1612 761 -1662 1662 -6 106 -9 122 -29 142 -14 14 -35 23 -54 23 -19 0 -40 -9 -54 -23z\"\/><\/g>\r\n                            <\/svg>\r\n                        <\/div>\r\n                                        NOKTA KOLTUK YIKAMA                <\/div>\r\n            <\/div>\r\n    \t        <h3 class=\"item--title  st-default \" data-wow-delay=\"ms\">\r\n            <span class=\"ct-text-inner\">\u0130LET\u0130\u015e\u0130M B\u0130LG\u0130LER\u0130M\u0130Z<\/span>        <\/h3>\r\n    <\/div>\r\n<\/div>\t\t\t\t<\/div>\n\t\t\t\t<\/div>\n\t\t            <\/div>\n        <\/div>\n                <div class=\"elementor-column elementor-col-33 elementor-top-column elementor-element elementor-element-316fc2e\" data-id=\"316fc2e\" data-element_type=\"column\">\n        <div class=\"elementor-widget-wrap\">\n                    \n                    <\/div>\n        <\/div>\n                    <\/div>\n        <\/section>\n                <section class=\"elementor-section elementor-top-section elementor-element elementor-element-dd278dd elementor-section-boxed elementor-section-height-default elementor-section-height-default ct-header-fixed-none pxl-divider-none\" data-id=\"dd278dd\" data-element_type=\"section\">\n            \n                        <div class=\"elementor-container elementor-column-gap-extended \">\n                    <div class=\"elementor-column elementor-col-33 elementor-top-column elementor-element elementor-element-2f757dd\" data-id=\"2f757dd\" data-element_type=\"column\">\n        <div class=\"elementor-widget-wrap elementor-element-populated\">\n                    \n        \t\t<div class=\"elementor-element elementor-element-0538e8c elementor-widget elementor-widget-ct_fancy_box\" data-id=\"0538e8c\" data-element_type=\"widget\" data-widget_type=\"ct_fancy_box.default\">\n\t\t\t\t<div class=\"elementor-widget-container\">\n\t\t\t\t\t<div id=\"ct_fancy_box-0538e8c\" class=\"ct-fancy-box ct-fancy-box-layout1 style1 wow fadeInUp\" data-wow-delay=\"ms\">\r\n    <div class=\"ct-inline-css\"  data-css=\"\r\n                        \">\r\n    <\/div>\r\n\r\n            <div class=\"item--icon\">\r\n            <i aria-hidden=\"true\" class=\"flaticon flaticon-pin\"><\/i>        <\/div>\r\n            <div class=\"item--holder\">\r\n        <h3 class=\"item--title fs-title-sm \">\r\n            ADRES\u0130M\u0130Z        <\/h3>\r\n        <div class=\"item--description fs-desc-md\">Huzurevleri \u00c7ukurova \/ Adana<\/div>\r\n    <\/div>\r\n\r\n            <a class=\"item--link\" href=\"https:\/\/www.google.com\/maps?q=380+St+Kilda+Road,+Melbourne,+Australia\"><\/a>\r\n    <\/div>\t\t\t\t<\/div>\n\t\t\t\t<\/div>\n\t\t            <\/div>\n        <\/div>\n                <div class=\"elementor-column elementor-col-33 elementor-top-column elementor-element elementor-element-827ef04\" data-id=\"827ef04\" data-element_type=\"column\">\n        <div class=\"elementor-widget-wrap elementor-element-populated\">\n                    \n        \t\t<div class=\"elementor-element elementor-element-9eddaa5 elementor-widget elementor-widget-ct_fancy_box\" data-id=\"9eddaa5\" data-element_type=\"widget\" data-widget_type=\"ct_fancy_box.default\">\n\t\t\t\t<div class=\"elementor-widget-container\">\n\t\t\t\t\t<div id=\"ct_fancy_box-9eddaa5\" class=\"ct-fancy-box ct-fancy-box-layout1 style1 wow fadeInUp\" data-wow-delay=\"50ms\">\r\n    <div class=\"ct-inline-css\"  data-css=\"\r\n                        \">\r\n    <\/div>\r\n\r\n            <div class=\"item--icon\">\r\n            <i aria-hidden=\"true\" class=\"flaticon flaticon-phone\"><\/i>        <\/div>\r\n            <div class=\"item--holder\">\r\n        <h3 class=\"item--title fs-title-sm \">\r\n            \u0130LET\u0130\u015e\u0130M NO        <\/h3>\r\n        <div class=\"item--description fs-desc-md\">+90 544 680 50 43\n<\/div>\r\n    <\/div>\r\n\r\n            <a class=\"item--link\" href=\"tel:+4083895470\"><\/a>\r\n    <\/div>\t\t\t\t<\/div>\n\t\t\t\t<\/div>\n\t\t            <\/div>\n        <\/div>\n                <div class=\"elementor-column elementor-col-33 elementor-top-column elementor-element elementor-element-60f1766\" data-id=\"60f1766\" data-element_type=\"column\">\n        <div class=\"elementor-widget-wrap elementor-element-populated\">\n                    \n        \t\t<div class=\"elementor-element elementor-element-7dff0bb elementor-widget elementor-widget-ct_fancy_box\" data-id=\"7dff0bb\" data-element_type=\"widget\" data-widget_type=\"ct_fancy_box.default\">\n\t\t\t\t<div class=\"elementor-widget-container\">\n\t\t\t\t\t<div id=\"ct_fancy_box-7dff0bb\" class=\"ct-fancy-box ct-fancy-box-layout1 style1 wow fadeInUp\" data-wow-delay=\"100ms\">\r\n    <div class=\"ct-inline-css\"  data-css=\"\r\n                        \">\r\n    <\/div>\r\n\r\n            <div class=\"item--icon\">\r\n            <i aria-hidden=\"true\" class=\"flaticon flaticon-mail\"><\/i>        <\/div>\r\n            <div class=\"item--holder\">\r\n        <h3 class=\"item--title fs-title-sm \">\r\n            EMA\u0130L ADRES\u0130        <\/h3>\r\n        <div class=\"item--description fs-desc-md\">info@noktakoltukyikama.com.tr<\/div>\r\n    <\/div>\r\n\r\n            <a class=\"item--link\" href=\"mailto:help@bixolcleaning.com\"><\/a>\r\n    <\/div>\t\t\t\t<\/div>\n\t\t\t\t<\/div>\n\t\t            <\/div>\n        <\/div>\n                    <\/div>\n        <\/section>\n        \t\t<\/div>\n\t\t","protected":false},"excerpt":{"rendered":"<p>NOKTA KOLTUK YIKAMA \u0130LET\u0130\u015e\u0130M B\u0130LG\u0130LER\u0130M\u0130Z ADRES\u0130M\u0130Z Huzurevleri \u00c7ukurova \/ Adana \u0130LET\u0130\u015e\u0130M NO +90 544 680 50 43 EMA\u0130L ADRES\u0130 info@noktakoltukyikama.com.tr<\/p>\n","protected":false},"author":1,"featured_media":0,"parent":0,"menu_order":0,"comment_status":"closed","ping_status":"closed","template":"","meta":{"footnotes":""},"class_list":["post-30","page","type-page","status-publish","hentry"],"_links":{"self":[{"href":"https:\/\/noktakoltukyikama.com.tr\/index.php?rest_route=\/wp\/v2\/pages\/30","targetHints":{"allow":["GET"]}}],"collection":[{"href":"https:\/\/noktakoltukyikama.com.tr\/index.php?rest_route=\/wp\/v2\/pages"}],"about":[{"href":"https:\/\/noktakoltukyikama.com.tr\/index.php?rest_route=\/wp\/v2\/types\/page"}],"author":[{"embeddable":true,"href":"https:\/\/noktakoltukyikama.com.tr\/index.php?rest_route=\/wp\/v2\/users\/1"}],"replies":[{"embeddable":true,"href":"https:\/\/noktakoltukyikama.com.tr\/index.php?rest_route=%2Fwp%2Fv2%2Fcomments&post=30"}],"version-history":[{"count":6,"href":"https:\/\/noktakoltukyikama.com.tr\/index.php?rest_route=\/wp\/v2\/pages\/30\/revisions"}],"predecessor-version":[{"id":8094,"href":"https:\/\/noktakoltukyikama.com.tr\/index.php?rest_route=\/wp\/v2\/pages\/30\/revisions\/8094"}],"wp:attachment":[{"href":"https:\/\/noktakoltukyikama.com.tr\/index.php?rest_route=%2Fwp%2Fv2%2Fmedia&parent=30"}],"curies":[{"name":"wp","href":"https:\/\/api.w.org\/{rel}","templated":true}]}}